{"id":3,"date":"2024-08-02T10:41:54","date_gmt":"2024-08-02T10:41:54","guid":{"rendered":"https:\/\/sebastianbrandl.de\/?page_id=3"},"modified":"2024-08-24T15:12:35","modified_gmt":"2024-08-24T15:12:35","slug":"privacy-policy","status":"publish","type":"page","link":"https:\/\/sebastianbrandl.de\/en\/privacy-policy\/","title":{"rendered":"Datenschutzerkl\u00e4rung"},"content":{"rendered":"<h3 class=\"wp-block-heading\">Datenschutzerkl\u00e4rung<\/h3>\n\n\n\n<h6 class=\"wp-block-heading\">Personenbezogene Daten (nachfolgend zumeist nur \u201eDaten\u201c genannt) werden von uns nur im Rahmen der Erforderlichkeit sowie zum Zwecke der Bereitstellung eines funktionsf\u00e4higen und nutzerfreundlichen Internetauftritts, inklusive seiner Inhalte und der dort angebotenen Leistungen, verarbeitet.<\/h6>\n\n\n\n<p>Gem\u00e4\u00df Art. 4 Ziffer 1. der Verordnung (EU) 2016\/679, also der Datenschutz-Grundverordnung (nachfolgend nur \u201eDSGVO\u201c genannt), gilt als \u201eVerarbeitung\u201c jeder mit oder ohne Hilfe automatisierter Verfahren ausgef\u00fchrter Vorgang oder jede solche Vorgangsreihe im Zusammenhang mit personenbezogenen Daten, wie das Erheben, das Erfassen, die Organisation, das Ordnen, die Speicherung, die Anpassung oder Ver\u00e4nderung, das Auslesen, das Abfragen, die Verwendung, die Offenlegung durch \u00dcbermittlung, Verbreitung oder eine andere Form der Bereitstellung, den Abgleich oder die Verkn\u00fcpfung, die Einschr\u00e4nkung, das L\u00f6schen oder die Vernichtung.<\/p>\n\n\n\n<p>Mit der nachfolgenden Datenschutzerkl\u00e4rung informieren wir Sie insbesondere \u00fcber Art, Umfang, Zweck, Dauer und Rechtsgrundlage der Verarbeitung personenbezogener Daten, soweit wir entweder allein oder gemeinsam mit anderen \u00fcber die Zwecke und Mittel der Verarbeitung entscheiden. Zudem informieren wir Sie nachfolgend \u00fcber die von uns zu Optimierungszwecken sowie zur Steigerung der Nutzungsqualit\u00e4t eingesetzten Fremdkomponenten, soweit hierdurch Dritte Daten in wiederum eigener Verantwortung verarbeiten.<\/p>\n\n\n\n<p>Unsere Datenschutzerkl\u00e4rung ist wie folgt gegliedert:<\/p>\n\n\n\n<p>I. Informationen \u00fcber uns als Verantwortliche<br>II. Rechte der Nutzer und Betroffenen<br>III. Informationen zur Datenverarbeitung<\/p>\n\n\n\n<h3 class=\"wp-block-heading\">I. Informationen \u00fcber uns als Verantwortliche<\/h3>\n\n\n\n<p>Verantwortlicher Anbieter dieses Internetauftritts im datenschutzrechtlichen Sinne ist:<br>Sebastian Brandl<br>E-Mail: contact@sebastianbrandl.de<\/p>\n\n\n\n<h3 class=\"wp-block-heading\">II. Rechte der Nutzer und Betroffenen<\/h3>\n\n\n\n<p>Mit Blick auf die nachfolgend noch n\u00e4her beschriebene Datenverarbeitung haben die Nutzer und Betroffenen das Recht<\/p>\n\n\n\n<ul class=\"wp-block-list\">\n<li>auf Best\u00e4tigung, ob sie betreffende Daten verarbeitet werden, auf Auskunft \u00fcber die verarbeiteten Daten, auf weitere Informationen \u00fcber die Datenverarbeitung sowie auf Kopien der Daten (vgl. auch Art. 15 DSGVO);<\/li>\n\n\n\n<li>auf Berichtigung oder Vervollst\u00e4ndigung unrichtiger bzw. unvollst\u00e4ndiger Daten (vgl. auch Art. 16 DSGVO);<\/li>\n\n\n\n<li>auf unverz\u00fcgliche L\u00f6schung der sie betreffenden Daten (vgl. auch Art. 17 DSGVO), oder, alternativ, soweit eine weitere Verarbeitung gem\u00e4\u00df Art. 17 Abs. 3 DSGVO erforderlich ist, auf Einschr\u00e4nkung der Verarbeitung nach Ma\u00dfgabe von Art. 18 DSGVO;<\/li>\n\n\n\n<li>auf Erhalt der sie betreffenden und von ihnen bereitgestellten Daten und auf \u00dcbermittlung dieser Daten an andere Anbieter\/Verantwortliche (vgl. auch Art. 20 DSGVO);<\/li>\n\n\n\n<li>auf Beschwerde gegen\u00fcber der Aufsichtsbeh\u00f6rde, sofern sie der Ansicht sind, dass die sie betreffenden Daten durch den Anbieter unter Versto\u00df gegen datenschutzrechtliche Bestimmungen verarbeitet werden (vgl. auch Art. 77 DSGVO).<\/li>\n<\/ul>\n\n\n\n<p>Dar\u00fcber hinaus ist der Anbieter dazu verpflichtet, alle Empf\u00e4nger, denen gegen\u00fcber Daten durch den Anbieter offengelegt worden sind, \u00fcber jedwede Berichtigung oder L\u00f6schung von Daten oder die Einschr\u00e4nkung der Verarbeitung, die aufgrund der Artikel 16, 17 Abs. 1, 18 DSGVO erfolgt, zu unterrichten. Diese Verpflichtung besteht jedoch nicht, soweit diese Mitteilung unm\u00f6glich oder mit einem unverh\u00e4ltnism\u00e4\u00dfigen Aufwand verbunden ist. Unbeschadet dessen hat der Nutzer ein Recht auf Auskunft \u00fcber diese Empf\u00e4nger.<\/p>\n\n\n\n<p><strong>Ebenfalls haben die Nutzer und Betroffenen nach Art. 21 DSGVO das Recht auf Widerspruch gegen die k\u00fcnftige Verarbeitung der sie betreffenden Daten, sofern die Daten durch den Anbieter nach Ma\u00dfgabe von Art. 6 Abs. 1 lit. f) DSGVO verarbeitet werden. Insbesondere ist ein Widerspruch gegen die Datenverarbeitung zum Zwecke der Direktwerbung statthaft.<\/strong><\/p>\n\n\n\n<h3 class=\"wp-block-heading\">III. Informationen zur Datenverarbeitung<\/h3>\n\n\n\n<p>Ihre bei Nutzung unseres Internetauftritts verarbeiteten Daten werden gel\u00f6scht oder gesperrt, sobald der Zweck der Speicherung entf\u00e4llt, der L\u00f6schung der Daten keine gesetzlichen Aufbewahrungspflichten entgegenstehen und nachfolgend keine anderslautenden Angaben zu einzelnen Verarbeitungsverfahren gemacht werden.<\/p>\n\n\n\n<h4 class=\"wp-block-heading\">Abonnement von Beitr\u00e4gen<\/h4>\n\n\n\n<p>Sofern Sie Beitr\u00e4ge auf unseren Internetseiten ver\u00f6ffentlichen, bieten wir Ihnen zus\u00e4tzlich an, etwaige Folgebeitr\u00e4ge Dritter zu abonnieren. Um Sie \u00fcber diese Folgebeitr\u00e4ge per E-Mail informieren zu k\u00f6nnen, verarbeiten wir Ihre E-Mail-Adresse.<\/p>\n\n\n\n<p>Rechtsgrundlage hierbei ist Art. 6 Abs. 1 lit. a) DSGVO. Die Einwilligung in dieses Abonnement k\u00f6nnen Sie gem\u00e4\u00df Art. 7 Abs. 3 DSGVO jederzeit mit Wirkung f\u00fcr die Zukunft widerrufen. Hierzu m\u00fcssen Sie uns lediglich \u00fcber Ihren Widerruf in Kenntnis setzen oder den in der jeweiligen E-Mail enthaltenen Abmeldelink bet\u00e4tigen.<\/p>\n\n\n\n<h4 class=\"wp-block-heading\">Cookies<\/h4>\n\n\n\n<h5 class=\"wp-block-heading\">a) Sitzungs-Cookies\/Session-Cookies<\/h5>\n\n\n\n<p>Wir verwenden mit unserem Internetauftritt sog. Cookies. Cookies sind kleine Textdateien oder andere Speichertechnologien, die durch den von Ihnen eingesetzten Internet-Browser auf Ihrem Endger\u00e4t ablegt und gespeichert werden. Durch diese Cookies werden im individuellen Umfang bestimmte Informationen von Ihnen, wie beispielsweise Ihre Browser- oder Standortdaten oder Ihre IP-Adresse, verarbeitet.<\/p>\n\n\n\n<p>Durch diese Verarbeitung wird unser Internetauftritt benutzerfreundlicher, effektiver und sicherer, da die Verarbeitung bspw. die Wiedergabe unseres Internetauftritts in unterschiedlichen Sprachen oder das Angebot einer Warenkorbfunktion erm\u00f6glicht.<\/p>\n\n\n\n<p>Rechtsgrundlage dieser Verarbeitung ist Art. 6 Abs. 1 lit b.) DSGVO, sofern diese Cookies Daten zur Vertragsanbahnung oder Vertragsabwicklung verarbeitet werden.<\/p>\n\n\n\n<p>Falls die Verarbeitung nicht der Vertragsanbahnung oder Vertragsabwicklung dient, liegt unser berechtigtes Interesse in der Verbesserung der Funktionalit\u00e4t unseres Internetauftritts. Rechtsgrundlage ist in dann Art. 6 Abs. 1 lit. f) DSGVO.<\/p>\n\n\n\n<p>Mit Schlie\u00dfen Ihres Internet-Browsers werden diese Session-Cookies gel\u00f6scht.<\/p>\n\n\n\n<h5 class=\"wp-block-heading\">b) Drittanbieter-Cookies<\/h5>\n\n\n\n<p>Gegebenenfalls werden mit unserem Internetauftritt auch Cookies von Partnerunternehmen, mit denen wir zum Zwecke der Werbung, der Analyse oder der Funktionalit\u00e4ten unseres Internetauftritts zusammenarbeiten, verwendet.<\/p>\n\n\n\n<p>Die Einzelheiten hierzu, insbesondere zu den Zwecken und den Rechtsgrundlagen der Verarbeitung solcher Drittanbieter-Cookies, entnehmen Sie bitte den nachfolgenden Informationen.<\/p>\n\n\n\n<h5 class=\"wp-block-heading\">c) Beseitigungsm\u00f6glichkeit<\/h5>\n\n\n\n<p>Sie k\u00f6nnen die Installation der Cookies durch eine Einstellung Ihres Internet-Browsers verhindern oder einschr\u00e4nken. Ebenfalls k\u00f6nnen Sie bereits gespeicherte Cookies jederzeit l\u00f6schen. Die hierf\u00fcr erforderlichen Schritte und Ma\u00dfnahmen h\u00e4ngen jedoch von Ihrem konkret genutzten Internet-Browser ab. Bei Fragen benutzen Sie daher bitte die Hilfefunktion oder Dokumentation Ihres Internet-Browsers oder wenden sich an dessen Hersteller bzw. Support. Bei sog. Flash-Cookies kann die Verarbeitung allerdings nicht \u00fcber die Einstellungen des Browsers unterbunden werden. Stattdessen m\u00fcssen Sie insoweit die Einstellung Ihres Flash-Players \u00e4ndern. Auch die hierf\u00fcr erforderlichen Schritte und Ma\u00dfnahmen h\u00e4ngen von Ihrem konkret genutzten Flash-Player ab. Bei Fragen benutzen Sie daher bitte ebenso die Hilfefunktion oder Dokumentation Ihres Flash-Players oder wenden sich an den Hersteller bzw. Benutzer-Support.<\/p>\n\n\n\n<p>Sollten Sie die Installation der Cookies verhindern oder einschr\u00e4nken, kann dies allerdings dazu f\u00fchren, dass nicht s\u00e4mtliche Funktionen unseres Internetauftritts vollumf\u00e4nglich nutzbar sind.<\/p>\n\n\n\n<h4 class=\"wp-block-heading\">Kontaktanfragen \/ Kontaktm\u00f6glichkeit<\/h4>\n\n\n\n<p>Sofern Sie per Kontaktformular oder E-Mail mit uns in Kontakt treten, werden die dabei von Ihnen angegebenen Daten zur Bearbeitung Ihrer Anfrage genutzt. Die Angabe der Daten ist zur Bearbeitung und Beantwortung Ihre Anfrage erforderlich \u2013 ohne deren Bereitstellung k\u00f6nnen wir Ihre Anfrage nicht oder allenfalls eingeschr\u00e4nkt beantworten.<\/p>\n\n\n\n<p>Rechtsgrundlage f\u00fcr diese Verarbeitung ist Art. 6 Abs. 1 lit. b) DSGVO.<\/p>\n\n\n\n<p>Ihre Daten werden gel\u00f6scht, sofern Ihre Anfrage abschlie\u00dfend beantwortet worden ist und der L\u00f6schung keine gesetzlichen Aufbewahrungspflichten entgegenstehen, wie bspw. bei einer sich etwaig anschlie\u00dfenden Vertragsabwicklung.<\/p>\n\n\n\n<h4 class=\"wp-block-heading\">Newsletter<\/h4>\n\n\n\n<p>Falls Sie sich f\u00fcr unseren kostenlosen Newsletter anmelden, werden die von Ihnen hierzu abgefragten Daten, also Ihre E-Mail-Adresse sowie \u2013 optional \u2013 Ihr Name und Ihre Anschrift, an uns \u00fcbermittelt. Gleichzeitig speichern wir die IP-Adresse des Internetanschlusses von dem aus Sie auf unseren Internetauftritt zugreifen sowie Datum und Uhrzeit Ihrer Anmeldung. Im Rahmen des weiteren Anmeldevorgangs werden wir Ihre Einwilligung in die \u00dcbersendung des Newsletters einholen, den Inhalt konkret beschreiben und auf diese Datenschutzerkl\u00e4rung verwiesen. Die dabei erhobenen Daten verwenden wir ausschlie\u00dflich f\u00fcr den Newsletter-Versand \u2013 sie werden deshalb insbesondere auch nicht an Dritte weitergegeben.<\/p>\n\n\n\n<p>Rechtsgrundlage hierbei ist Art. 6 Abs. 1 lit. a) DSGVO.<\/p>\n\n\n\n<p>Die Einwilligung in den Newsletter-Versand k\u00f6nnen Sie gem\u00e4\u00df Art. 7 Abs. 3 DSGVO jederzeit mit Wirkung f\u00fcr die Zukunft widerrufen. Hierzu m\u00fcssen Sie uns lediglich \u00fcber Ihren Widerruf in Kenntnis setzen oder den in jedem Newsletter enthaltenen Abmeldelink bet\u00e4tigen.<\/p>\n\n\n\n<h4 class=\"wp-block-heading\">Instagram<\/h4>\n\n\n\n<p>Zur Bewerbung unserer Produkte und Leistungen sowie zur Kommunikation mit Interessenten oder Kunden betreiben wir eine Firmenpr\u00e4senz auf der Plattform Instagram.<\/p>\n\n\n\n<p>Auf dieser Social-Media-Plattform sind wir gemeinsam mit der Meta Platforms Ireland Limited, 4 Grand Canal Square, Dublin 2, Irland, verantwortlich.<\/p>\n\n\n\n<p>Der Datenschutzbeauftragte von Instagram kann \u00fcber ein Kontaktformular erreicht werden:<\/p>\n\n\n\n<p><a href=\"https:\/\/www.facebook.com\/help\/contact\/540977946302970\">https:\/\/www.facebook.com\/help\/contact\/540977946302970<\/a><\/p>\n\n\n\n<p>Die gemeinsame Verantwortlichkeit haben wir in einer Vereinbarung bez\u00fcglich der jeweiligen Verpflichtungen im Sinne der DSGVO geregelt. Diese Vereinbarung, aus der sich die gegenseitigen Verpflichtungen ergeben, ist unter dem folgenden Link abrufbar:<\/p>\n\n\n\n<p><a href=\"https:\/\/www.facebook.com\/legal\/terms\/page_controller_addendum\">https:\/\/www.facebook.com\/legal\/terms\/page_controller_addendum<\/a><\/p>\n\n\n\n<p>Rechtsgrundlage f\u00fcr die dadurch erfolgende und nachfolgend wiedergegebene Verarbeitung von personenbezogenen Daten ist Art. 6 Abs. 1 lit. f DSGVO. Unser berechtigtes Interesse besteht an der Analyse, der Kommunikation sowie dem Absatz und der Bewerbung unserer Produkte und Leistungen.<\/p>\n\n\n\n<p>Rechtsgrundlage kann auch eine Einwilligung des Nutzers gem\u00e4\u00df Art. 6 Abs. 1 lit. a DSGVO gegen\u00fcber dem Plattformbetreiber sein. Die Einwilligung hierzu kann der Nutzer nach Art. 7 Abs. 3 DSGVO jederzeit durch eine Mitteilung an den Plattformbetreiber f\u00fcr die Zukunft widerrufen.<\/p>\n\n\n\n<p>Bei dem Aufruf unseres Onlineauftritts auf der Plattform Instagram werden von der Facebook Ireland Ltd. als Betreiberin der Plattform in der EU Daten des Nutzers (z.B. pers\u00f6nliche Informationen, IP-Adresse etc.) verarbeitet.<\/p>\n\n\n\n<p>Diese Daten des Nutzers dienen zu statistischen Informationen \u00fcber die Inanspruchnahme unserer Firmenpr\u00e4senz auf Instagram. Die Facebook Ireland Ltd. nutzt diese Daten zu Marktforschungs- und Werbezwecken sowie zur Erstellung von Profilen der Nutzer. Anhand dieser Profile ist es der Facebook Ireland Ltd. beispielsweise m\u00f6glich, die Nutzer innerhalb und au\u00dferhalb von Instagram interessenbezogen zu bewerben. Ist der Nutzer zum Zeitpunkt des Aufrufes in seinem Account auf Instagram eingeloggt, kann die Facebook Ireland Ltd. zudem die Daten mit dem jeweiligen Nutzerkonto verkn\u00fcpfen.<\/p>\n\n\n\n<p>Im Falle einer Kontaktaufnahme des Nutzers \u00fcber Instagram werden die bei dieser Gelegenheit eingegebenen personenbezogenen Daten des Nutzers zur Bearbeitung der Anfrage genutzt. Die Daten des Nutzers werden bei uns gel\u00f6scht, sofern die Anfrage des Nutzers abschlie\u00dfend beantwortet wurde und keine gesetzlichen Aufbewahrungspflichten, wie z.B. bei einer anschlie\u00dfenden Vertragsabwicklung, entgegenstehen.<\/p>\n\n\n\n<p>Zur Verarbeitung der Daten werden von der Facebook Ireland Ltd. ggf. auch Cookies gesetzt.<\/p>\n\n\n\n<p>Sollte der Nutzer mit dieser Verarbeitung nicht einverstanden sein, so besteht die M\u00f6glichkeit, die Installation der Cookies durch eine entsprechende Einstellung des Browsers zu verhindern. Bereits gespeicherte Cookies k\u00f6nnen ebenfalls jederzeit gel\u00f6scht werden. Die Einstellungen hierzu sind vom jeweiligen Browser abh\u00e4ngig. Bei Flash-Cookies l\u00e4sst sich die Verarbeitung nicht \u00fcber die Einstellungen des Browsers unterbinden, sondern durch die entsprechende Einstellung des Flash-Players. Sollte der Nutzer die Installation der Cookies verhindern oder einschr\u00e4nken, kann dies dazu f\u00fchren, dass nicht s\u00e4mtliche Funktionen von Facebook vollumf\u00e4nglich nutzbar sind.<\/p>\n\n\n\n<p>N\u00e4heres zu den Verarbeitungst\u00e4tigkeiten, deren Unterbindung und zur L\u00f6schung der von Instagram verarbeiteten Daten finden sich in der Datenrichtlinie von Instagram:<\/p>\n\n\n\n<p><a href=\"https:\/\/help.instagram.com\/519522125107875\">https:\/\/help.instagram.com\/519522125107875<\/a><\/p>\n\n\n\n<p>Es ist nicht ausgeschlossen, dass die Verarbeitung durch die Facebook Ireland Ltd. auch \u00fcber die Meta Platforms, Inc., 1601 Willow Road, Menlo Park, California 94025 in den USA erfolgt.<\/p>\n\n\n\n<h4 class=\"wp-block-heading\">YouTube<\/h4>\n\n\n\n<p>Wir unterhalten bei YouTube eine Onlinepr\u00e4senz um unser Unternehmen sowie unsere Leistungen zu pr\u00e4sentieren und mit Kunden\/Interessenten zu kommunizieren. YouTube ist ein Service der Google Ireland Limited, Gordon House, Barrow Street, Dublin 4, Irland, ein Tochterunternehmen der Google LLC, 1600 Amphitheatre Parkway, Mountain View, CA 94043 USA.<\/p>\n\n\n\n<p>Insofern weisen wir darauf hin, dass die M\u00f6glichkeit besteht, dass Daten der Nutzer au\u00dferhalb der Europ\u00e4ischen Union, insbesondere in den USA, verarbeitet werden. Hierdurch k\u00f6nnen gesteigerte Risiken f\u00fcr die Nutzer insofern bestehen, als dass z.B. der sp\u00e4tere Zugriff auf die Nutzerdaten erschwert werden kann. Auch haben wir keinen Zugriff auf diese Nutzerdaten. Die Zugriffsm\u00f6glichkeit liegt ausschlie\u00dflich bei YouTube.<\/p>\n\n\n\n<p>Die Datenschutzhinweise von YouTube finden Sie unter<\/p>\n\n\n\n<p><a href=\"https:\/\/policies.google.com\/privacy\">https:\/\/policies.google.com\/privacy<\/a><\/p>\n\n\n\n<h4 class=\"wp-block-heading\">Instagram<\/h4>\n\n\n\n<p>Meta Platforms Ireland Limited, 4 Grand Canal Square, Dublin 2, Irland.<\/p>\n\n\n\n<p>Datenschutzerkl\u00e4rung:&nbsp;<a href=\"https:\/\/help.instagram.com\/519522125107875\" target=\"_blank\" rel=\"noreferrer noopener\">https:\/\/help.instagram.com\/519522125107875<\/a><\/p>\n\n\n\n<h4 class=\"wp-block-heading\">YouTube<\/h4>\n\n\n\n<p>Google Ireland Limited, Gordon House, Barrow Street, Dublin 4, Irland, ein Tochterunternehmen der Google LLC, 1600 Amphitheatre Parkway, Mountain View, CA 94043 USA<\/p>\n\n\n\n<p>Datenschutzerkl\u00e4rung:&nbsp;<a href=\"https:\/\/policies.google.com\/privacy\" target=\"_blank\" rel=\"noreferrer noopener\">https:\/\/policies.google.com\/privacy<\/a><\/p>\n\n\n\n<h4 class=\"wp-block-heading\">Google Analytics<\/h4>\n\n\n\n<p>In unserem Internetauftritt setzen wir Google Analytics ein. Hierbei handelt es sich um einen Webanalysedienst der Google Ireland Limited, Gordon House, Barrow Street, Dublin 4, Irland, nachfolgend nur \u201eGoogle\u201c genannt.<\/p>\n\n\n\n<p>Der Dienst Google Analytics dient zur Analyse des Nutzungsverhaltens unseres Internetauftritts. Rechtsgrundlage ist Art. 6 Abs. 1 lit. f) DSGVO. Unser berechtigtes Interesse liegt in der Analyse, Optimierung und dem wirtschaftlichen Betrieb unseres Internetauftritts.<\/p>\n\n\n\n<p>Nutzungs- und nutzerbezogene Informationen, wie bspw. IP-Adresse, Ort, Zeit oder H\u00e4ufigkeit des Besuchs unseres Internetauftritts, werden dabei an einen Server von Google in den USA \u00fcbertragen und dort gespeichert. Allerdings nutzen wir Google Analytics mit der sog. Anonymisierungsfunktion. Durch diese Funktion k\u00fcrzt Google die IP-Adresse schon innerhalb der EU bzw. des EWR.<\/p>\n\n\n\n<p>Die so erhobenen Daten werden wiederum von Google genutzt, um uns eine Auswertung \u00fcber den Besuch unseres Internetauftritts sowie \u00fcber die dortigen Nutzungsaktivit\u00e4ten zur Verf\u00fcgung zu stellen. Auch k\u00f6nnen diese Daten genutzt werden, um weitere Dienstleistungen zu erbringen, die mit der Nutzung unseres Internetauftritts und der Nutzung des Internets zusammenh\u00e4ngen.<\/p>\n\n\n\n<p>Google gibt an, Ihre IP-Adresse nicht mit anderen Daten zu verbinden. Zudem h\u00e4lt Google unter<\/p>\n\n\n\n<p><a href=\"https:\/\/www.google.com\/intl\/de\/policies\/privacy\/partners\">https:\/\/www.google.com\/intl\/de\/policies\/privacy\/partners<\/a><\/p>\n\n\n\n<p>weitere datenschutzrechtliche Informationen f\u00fcr Sie bereit, so bspw. auch zu den M\u00f6glichkeiten, die Datennutzung zu unterbinden.<\/p>\n\n\n\n<p>Zudem bietet Google unter<\/p>\n\n\n\n<p><a href=\"https:\/\/tools.google.com\/dlpage\/gaoptout?hl=de\">https:\/\/tools.google.com\/dlpage\/gaoptout?hl=de<\/a><\/p>\n\n\n\n<p>ein sog. Deaktivierungs-Add-on nebst weiteren Informationen hierzu an. Dieses Add-on l\u00e4sst sich mit den g\u00e4ngigen Internet-Browsern installieren und bietet Ihnen weitergehende Kontrollm\u00f6glichkeit \u00fcber die Daten, die Google bei Aufruf unseres Internetauftritts erfasst. Dabei teilt das Add-on dem JavaScript (ga.js) von Google Analytics mit, dass Informationen zum Besuch unseres Internetauftritts nicht an Google Analytics \u00fcbermittelt werden sollen. Dies verhindert aber nicht, dass Informationen an uns oder an andere Webanalysedienste \u00fcbermittelt werden. Ob und welche weiteren Webanalysedienste von uns eingesetzt werden, erfahren Sie nat\u00fcrlich ebenfalls in dieser Datenschutzerkl\u00e4rung.<\/p>\n\n\n\n<h4 class=\"wp-block-heading\">IONOS Tracking MYWEBSITE<\/h4>\n\n\n\n<p>In unserem Internetauftritt setzen wir MyWebsite ein. Hierbei handelt es sich um einen Dienst der 1&amp;1 IONOS SE, Elgendorfer Str. 57, 56410 Montabaur, nachfolgend nur \u201eMyWebsite\u201c genannt.<\/p>\n\n\n\n<p>Durch MyWebsite werden Tracking-Cookies \u00fcber Ihren Internet-Browser Cookies auf Ihrem Endger\u00e4t gespeichert, die auf der Technologie Snowplow Analytics von der Snowplow Analytics Limited, 32-38, Scrutton Street, London, Gro\u00dfbritannien, basieren. Mit Hilfe dieser Cookies kann z. B. ausgewertet werden, wie h\u00e4ufig Sie unseren Internetauftritt besuchen oder welche (Unter-) Seiten unseres Internetauftritts aufgerufen werden. Die 1&amp;1 IONOS SE gibt hierzu an, dass dabei keinerlei personenbezogene Daten erfasst w\u00fcrden.<\/p>\n\n\n\n<p>Im Falle einer von Ihnen erteilten Einwilligung f\u00fcr diese Verarbeitung ist Rechtsgrundlage Art. 6 Abs. 1 lit. a DSGVO. Rechtsgrundlage kann auch Art. 6 Abs. 1 lit. f DSGVO sein. Unser berechtigtes Interesse liegt in der Verbesserung und Optimierung unseres Internetauftritts.<\/p>\n\n\n\n<p>Falls Sie mit dieser Verarbeitung nicht einverstanden sind, haben Sie die M\u00f6glichkeit, die Speicherung der Cookies durch eine Einstellung in Ihrem Internet-Browsers zu verhindern. N\u00e4here Informationen hierzu finden Sie vorstehend unter \u201eCookies\u201c.<\/p>\n\n\n\n<h4 class=\"wp-block-heading\">IONOS WebAnalytics<\/h4>\n\n\n\n<p>In unserem Internetauftritt setzen wir WebAnalytics ein. Hierbei handelt es sich um einen Analyse-Dienst der 1&amp;1 IONOS SE, Elgendorfer Str. 57, 56410 Montabaur, Deutschland, nachfolgend nur \u201eWebAnalytics\u201c genannt, mit dem wir die Benutzung unseres Internetauftritts analysieren k\u00f6nnen.<\/p>\n\n\n\n<p>Zur Analyse werden anhand eines Pixels oder \u00fcber die Logfiles in unserem Auftrag Daten \u00fcber Typ und Version Ihres Internetbrowsers, Ihr Betriebssystem, der Typ Ihres Endger\u00e4tes, die Website, von der aus Sie auf unseren Internetauftritt gewechselt haben (Referrer URL), die Website(s) unseres Internetauftritts, die Sie besuchen, oder die Dateien, die Sie anfordern, Datum und Uhrzeit des jeweiligen Zugriffs sowie die anonymisierte IP-Adresse des Internetanschlusses, von dem aus die Nutzung unseres Internetauftritts erfolgt, erhoben.<\/p>\n\n\n\n<p>Im Falle einer von Ihnen erteilten Einwilligung f\u00fcr diese Verarbeitung ist Rechtsgrundlage Art. 6 Abs. 1 lit. a DSGVO. Rechtsgrundlage kann auch Art. 6 Abs. 1 lit. f DSGVO sein. Unser berechtigtes Interesse liegt in der Analyse, Optimierung, Verbesserung sowie in dem wirtschaftlichen Betrieb unseres Internetauftritts.<\/p>\n\n\n\n<h4 class=\"wp-block-heading\">YouTube<\/h4>\n\n\n\n<p>In unserem Internetauftritt setzen wir YouTube ein. Hierbei handelt es sich um ein Videoportal der Google Ireland Limited, Gordon House, Barrow Street, Dublin 4, Irland, nachfolgend nur \u201eYouTube\u201c genannt.<\/p>\n\n\n\n<p>Wir nutzen YouTube im Zusammenhang mit der Funktion \u201eErweiterter Datenschutzmodus\u201c, um Ihnen Videos anzeigen zu k\u00f6nnen. Im Falle einer von Ihnen erteilten Einwilligung f\u00fcr diese Verarbeitung ist Rechtsgrundlage Art. 6 Abs. 1 lit. a DSGVO. Rechtsgrundlage kann auch Art. 6 Abs. 1 lit. f DSGVO sein. Unser berechtigtes Interesse liegt in der Qualit\u00e4tsverbesserung unseres Internetauftritts. Die Funktion \u201eErweiterter Datenschutzmodus\u201c bewirkt laut Angaben von YouTube, dass die nachfolgend noch n\u00e4her bezeichneten Daten nur dann an den Server von YouTube \u00fcbermittelt werden, wenn Sie ein Video auch tats\u00e4chlich starten.<\/p>\n\n\n\n<p>Ohne diesen \u201eErweiterten Datenschutz\u201c wird eine Verbindung zum Server von YouTube in den USA hergestellt, sobald Sie eine unserer Internetseiten, auf der ein YouTube-Video eingebettet ist, aufrufen.<\/p>\n\n\n\n<p>Diese Verbindung ist erforderlich, um das jeweilige Video auf unserer Internetseite \u00fcber Ihren Internet-Browser darstellen zu k\u00f6nnen. Im Zuge dessen wird YouTube zumindest Ihre IP-Adresse, das Datum nebst Uhrzeit sowie die von Ihnen besuchte Internetseite erfassen und verarbeiten. Zudem wird eine Verbindung zu dem Werbenetzwerk \u201eDoubleClick\u201c von Google hergestellt.<\/p>\n\n\n\n<p>Sollten Sie gleichzeitig bei YouTube eingeloggt sein, weist YouTube die Verbindungsinformationen Ihrem YouTube-Konto zu. Wenn Sie das verhindern m\u00f6chten, m\u00fcssen Sie sich entweder vor dem Besuch unseres Internetauftritts bei YouTube ausloggen oder die entsprechenden Einstellungen in Ihrem YouTube-Benutzerkonto vornehmen.<\/p>\n\n\n\n<p>Zum Zwecke der Funktionalit\u00e4t sowie zur Analyse des Nutzungsverhaltens speichert YouTube dauerhaft Cookies \u00fcber Ihren Internet-Browser auf Ihrem Endger\u00e4t. Falls Sie mit dieser Verarbeitung nicht einverstanden sind, haben Sie die M\u00f6glichkeit, die Speicherung der Cookies durch eine Einstellung in Ihrem Internet-Browsers zu verhindern. N\u00e4here Informationen hierzu finden Sie vorstehend unter \u201eCookies\u201c.<\/p>\n\n\n\n<p>Weitergehende Informationen \u00fcber die Erhebung und Nutzung von Daten sowie Ihre diesbez\u00fcglichen Rechte und Schutzm\u00f6glichkeiten h\u00e4lt Google in den unter<\/p>\n\n\n\n<p><a href=\"https:\/\/policies.google.com\/privacy\">https:\/\/policies.google.com\/privacy<\/a><\/p>\n\n\n\n<p>abrufbaren Datenschutzhinweisen bereit.<\/p>\n\n\n\n<p><a href=\"https:\/\/www.xn--generator-datenschutzerklrung-pqc.de\/\" target=\"_blank\" rel=\"noreferrer noopener\">Muster-Datenschutzerkl\u00e4rung<\/a>&nbsp;der&nbsp;<a href=\"https:\/\/www.xn--bewertung-lschen24-n3b.de\/\" rel=\"noreferrer noopener\" target=\"_blank\">Anwaltskanzlei Wei\u00df &amp; Partner<\/a><\/p>","protected":false},"excerpt":{"rendered":"<p>Datenschutzerkl\u00e4rung Personenbezogene Daten (nachfolgend zumeist nur \u201eDaten\u201c genannt) werden von uns nur im Rahmen der Erforderlichkeit sowie zum Zwecke der Bereitstellung eines funktionsf\u00e4higen und nutzerfreundlichen Internetauftritts, inklusive seiner Inhalte und der dort angebotenen Leistungen, verarbeitet. Gem\u00e4\u00df Art. 4 Ziffer 1. der Verordnung (EU) 2016\/679, also der Datenschutz-Grundverordnung (nachfolgend nur \u201eDSGVO\u201c genannt), gilt als \u201eVerarbeitung\u201c jeder [&hellip;]<\/p>\n","protected":false},"author":1,"featured_media":0,"parent":0,"menu_order":4,"comment_status":"closed","ping_status":"closed","template":"","meta":{"_monsterinsights_skip_tracking":false,"_monsterinsights_sitenote_active":false,"_monsterinsights_sitenote_note":"","_monsterinsights_sitenote_category":0,"footnotes":""},"class_list":["post-3","page","type-page","status-publish","hentry"],"aioseo_notices":[],"_links":{"self":[{"href":"https:\/\/sebastianbrandl.de\/en\/wp-json\/wp\/v2\/pages\/3","targetHints":{"allow":["GET"]}}],"collection":[{"href":"https:\/\/sebastianbrandl.de\/en\/wp-json\/wp\/v2\/pages"}],"about":[{"href":"https:\/\/sebastianbrandl.de\/en\/wp-json\/wp\/v2\/types\/page"}],"author":[{"embeddable":true,"href":"https:\/\/sebastianbrandl.de\/en\/wp-json\/wp\/v2\/users\/1"}],"replies":[{"embeddable":true,"href":"https:\/\/sebastianbrandl.de\/en\/wp-json\/wp\/v2\/comments?post=3"}],"version-history":[{"count":3,"href":"https:\/\/sebastianbrandl.de\/en\/wp-json\/wp\/v2\/pages\/3\/revisions"}],"predecessor-version":[{"id":319,"href":"https:\/\/sebastianbrandl.de\/en\/wp-json\/wp\/v2\/pages\/3\/revisions\/319"}],"wp:attachment":[{"href":"https:\/\/sebastianbrandl.de\/en\/wp-json\/wp\/v2\/media?parent=3"}],"curies":[{"name":"wp","href":"https:\/\/api.w.org\/{rel}","templated":true}]}}